{"id":2510,"date":"2023-12-28T05:07:26","date_gmt":"2023-12-28T02:07:26","guid":{"rendered":"https:\/\/www.bogazicikimya.com\/?page_id=2510"},"modified":"2023-12-28T05:26:48","modified_gmt":"2023-12-28T02:26:48","slug":"kurumsal","status":"publish","type":"page","link":"https:\/\/www.bogazicikimya.com\/?page_id=2510","title":{"rendered":"Kurumsal"},"content":{"rendered":"<p><div class=\"fusion-fullwidth fullwidth-box fusion-builder-row-1 fusion-flex-container has-pattern-background has-mask-background hundred-percent-fullwidth non-hundred-percent-height-scrolling\" style=\"--awb-border-radius-top-left:0px;--awb-border-radius-top-right:0px;--awb-border-radius-bottom-right:0px;--awb-border-radius-bottom-left:0px;--awb-padding-bottom:0px;--awb-margin-bottom:0px;\" ><div class=\"fusion-builder-row fusion-row fusion-flex-align-items-flex-start\" style=\"width:104% !important;max-width:104% !important;margin-left: calc(-4% \/ 2 );margin-right: calc(-4% \/ 2 );\"><div class=\"fusion-layout-column fusion_builder_column fusion-builder-column-0 fusion_builder_column_1_1 1_1 fusion-flex-column\" style=\"--awb-bg-size:cover;--awb-width-large:100%;--awb-spacing-right-large:1.92%;--awb-spacing-left-large:1.92%;--awb-width-medium:100%;--awb-order-medium:0;--awb-spacing-right-medium:1.92%;--awb-spacing-left-medium:1.92%;--awb-width-small:100%;--awb-order-small:0;--awb-spacing-right-small:1.92%;--awb-spacing-left-small:1.92%;\"><div class=\"fusion-column-wrapper fusion-column-has-shadow fusion-flex-justify-content-flex-start fusion-content-layout-column\"><div class=\"fusion-section-separator section-separator horizon fusion-section-separator-1\" style=\"--awb-spacer-padding-top:17.3828125%;--awb-svg-margin-left:1.92%;--awb-svg-margin-right:1.92%;--awb-svg-margin-left-medium:1.92%;--awb-svg-margin-right-medium:1.92%;--awb-svg-margin-left-small:1.92%;--awb-svg-margin-right-small:1.92%;--awb-sep-font-size:0;--awb-sep-line-height:0;\"><div class=\"fusion-section-separator-svg\"><svg class=\"fusion-horizon-candy\" fill=\"rgba(255,0,0,0.3)\" xmlns=\"http:\/\/www.w3.org\/2000\/svg\" version=\"1.1\" width=\"100%\" viewBox=\"0 0 1024 178\" preserveAspectRatio=\"none\" fill=\"rgba(255,0,0,0.3)\"><path class=\"st0\" d=\"M1024 177.193L507.699 43.254 0 177.193V.041h1024v177.152z\"\/>\n\t\t\t\t\t\t\t\t\t<path class=\"st1\" d=\"M1024 138.076L507.699 43.152 0 138.076V-.266h1024v138.342z\"\/>\n\t\t\t\t\t\t\t\t\t<path class=\"st2\" d=\"M1024 67.728L507.699 43.152 0 67.728V-.266h1024v67.994z\"\/>\n\t\t\t\t\t\t\t\t\t<path class=\"st3\" d=\"M1024 3.625L507.699 43.152 0 3.625V-.266h1024v3.891z\"\/>\n\t\t\t\t\t\t\t\t<\/svg><\/div><div class=\"fusion-section-separator-spacer\"><div class=\"fusion-section-separator-spacer-height\"><\/div><\/div><\/div><\/div><\/div><div class=\"fusion-layout-column fusion_builder_column fusion-builder-column-1 fusion_builder_column_1_1 1_1 fusion-flex-column\" style=\"--awb-bg-position:center center;--awb-bg-size:cover;--awb-width-large:100%;--awb-spacing-right-large:1.92%;--awb-spacing-left-large:1.92%;--awb-width-medium:100%;--awb-order-medium:0;--awb-spacing-right-medium:1.92%;--awb-spacing-left-medium:1.92%;--awb-width-small:100%;--awb-order-small:0;--awb-spacing-right-small:1.92%;--awb-spacing-left-small:1.92%;\"><div class=\"fusion-column-wrapper fusion-column-has-shadow fusion-flex-justify-content-flex-start fusion-content-layout-column\"><div class=\"fusion-image-element \" style=\"text-align:center;\"><span class=\" fusion-imageframe imageframe-none imageframe-1 hover-type-none\"><img decoding=\"async\" width=\"724\" height=\"1024\" title=\"K.G.G.P. KAL\u0130TE VE GIDA G\u00dcVENL\u0130\u011e\u0130 POL\u0130T\u0130KAMIZ[460]\" src=\"https:\/\/www.bogazicikimya.com\/wp-content\/uploads\/2023\/12\/K.G.G.P.-KALITE-VE-GIDA-GUVENLIGI-POLITIKAMIZ460-scaled.jpg\" data-orig-src=\"https:\/\/www.bogazicikimya.com\/wp-content\/uploads\/2023\/12\/K.G.G.P.-KALITE-VE-GIDA-GUVENLIGI-POLITIKAMIZ460-724x1024.jpg\" alt class=\"lazyload img-responsive wp-image-2517\" srcset=\"data:image\/svg+xml,%3Csvg%20xmlns%3D%27http%3A%2F%2Fwww.w3.org%2F2000%2Fsvg%27%20width%3D%271811%27%20height%3D%272560%27%20viewBox%3D%270%200%201811%202560%27%3E%3Crect%20width%3D%271811%27%20height%3D%272560%27%20fill-opacity%3D%220%22%2F%3E%3C%2Fsvg%3E\" data-srcset=\"https:\/\/www.bogazicikimya.com\/wp-content\/uploads\/2023\/12\/K.G.G.P.-KALITE-VE-GIDA-GUVENLIGI-POLITIKAMIZ460-200x283.jpg 200w, https:\/\/www.bogazicikimya.com\/wp-content\/uploads\/2023\/12\/K.G.G.P.-KALITE-VE-GIDA-GUVENLIGI-POLITIKAMIZ460-400x566.jpg 400w, https:\/\/www.bogazicikimya.com\/wp-content\/uploads\/2023\/12\/K.G.G.P.-KALITE-VE-GIDA-GUVENLIGI-POLITIKAMIZ460-600x848.jpg 600w, https:\/\/www.bogazicikimya.com\/wp-content\/uploads\/2023\/12\/K.G.G.P.-KALITE-VE-GIDA-GUVENLIGI-POLITIKAMIZ460-800x1131.jpg 800w, https:\/\/www.bogazicikimya.com\/wp-content\/uploads\/2023\/12\/K.G.G.P.-KALITE-VE-GIDA-GUVENLIGI-POLITIKAMIZ460-1200x1697.jpg 1200w, https:\/\/www.bogazicikimya.com\/wp-content\/uploads\/2023\/12\/K.G.G.P.-KALITE-VE-GIDA-GUVENLIGI-POLITIKAMIZ460-scaled.jpg 1811w\" data-sizes=\"auto\" data-orig-sizes=\"724px\" \/><\/span><\/div><div class=\"fusion-image-element \" style=\"text-align:center;\"><span class=\" fusion-imageframe imageframe-none imageframe-2 hover-type-none\"><img decoding=\"async\" width=\"724\" height=\"1024\" title=\"M\u0130SYONUMUZ, V\u0130ZYONUMUZ[459]\" src=\"https:\/\/www.bogazicikimya.com\/wp-content\/uploads\/2023\/12\/MISYONUMUZ-VIZYONUMUZ459-1-scaled.jpg\" data-orig-src=\"https:\/\/www.bogazicikimya.com\/wp-content\/uploads\/2023\/12\/MISYONUMUZ-VIZYONUMUZ459-1-724x1024.jpg\" alt class=\"lazyload img-responsive wp-image-2520\" srcset=\"data:image\/svg+xml,%3Csvg%20xmlns%3D%27http%3A%2F%2Fwww.w3.org%2F2000%2Fsvg%27%20width%3D%271811%27%20height%3D%272560%27%20viewBox%3D%270%200%201811%202560%27%3E%3Crect%20width%3D%271811%27%20height%3D%272560%27%20fill-opacity%3D%220%22%2F%3E%3C%2Fsvg%3E\" data-srcset=\"https:\/\/www.bogazicikimya.com\/wp-content\/uploads\/2023\/12\/MISYONUMUZ-VIZYONUMUZ459-1-200x283.jpg 200w, https:\/\/www.bogazicikimya.com\/wp-content\/uploads\/2023\/12\/MISYONUMUZ-VIZYONUMUZ459-1-400x566.jpg 400w, https:\/\/www.bogazicikimya.com\/wp-content\/uploads\/2023\/12\/MISYONUMUZ-VIZYONUMUZ459-1-600x848.jpg 600w, https:\/\/www.bogazicikimya.com\/wp-content\/uploads\/2023\/12\/MISYONUMUZ-VIZYONUMUZ459-1-800x1131.jpg 800w, https:\/\/www.bogazicikimya.com\/wp-content\/uploads\/2023\/12\/MISYONUMUZ-VIZYONUMUZ459-1-1200x1697.jpg 1200w, https:\/\/www.bogazicikimya.com\/wp-content\/uploads\/2023\/12\/MISYONUMUZ-VIZYONUMUZ459-1-scaled.jpg 1811w\" data-sizes=\"auto\" data-orig-sizes=\"724px\" \/><\/span><\/div><\/div><\/div><\/div><\/div><div class=\"fusion-fullwidth fullwidth-box fusion-builder-row-2 fusion-flex-container has-pattern-background has-mask-background nonhundred-percent-fullwidth non-hundred-percent-height-scrolling\" style=\"--awb-border-radius-top-left:0px;--awb-border-radius-top-right:0px;--awb-border-radius-bottom-right:0px;--awb-border-radius-bottom-left:0px;\" ><div class=\"fusion-builder-row fusion-row fusion-flex-align-items-flex-start\" style=\"max-width:1393.6px;margin-left: calc(-4% \/ 2 );margin-right: calc(-4% \/ 2 );\"><div class=\"fusion-layout-column fusion_builder_column fusion-builder-column-2 fusion_builder_column_1_1 1_1 fusion-flex-column fusion-flex-align-self-stretch\" style=\"--awb-bg-size:cover;--awb-width-large:100%;--awb-spacing-right-large:1.92%;--awb-spacing-left-large:1.92%;--awb-width-medium:100%;--awb-order-medium:0;--awb-spacing-right-medium:1.92%;--awb-spacing-left-medium:1.92%;--awb-width-small:100%;--awb-order-small:0;--awb-spacing-right-small:1.92%;--awb-spacing-left-small:1.92%;\"><div class=\"fusion-column-wrapper fusion-column-has-shadow fusion-flex-justify-content-space-around fusion-content-layout-column\"><\/div><\/div><\/div><\/div><\/p>\n","protected":false},"excerpt":{"rendered":"","protected":false},"author":1,"featured_media":0,"parent":0,"menu_order":0,"comment_status":"closed","ping_status":"closed","template":"100-width.php","meta":{"footnotes":""},"class_list":["post-2510","page","type-page","status-publish","hentry"],"_links":{"self":[{"href":"https:\/\/www.bogazicikimya.com\/index.php?rest_route=\/wp\/v2\/pages\/2510","targetHints":{"allow":["GET"]}}],"collection":[{"href":"https:\/\/www.bogazicikimya.com\/index.php?rest_route=\/wp\/v2\/pages"}],"about":[{"href":"https:\/\/www.bogazicikimya.com\/index.php?rest_route=\/wp\/v2\/types\/page"}],"author":[{"embeddable":true,"href":"https:\/\/www.bogazicikimya.com\/index.php?rest_route=\/wp\/v2\/users\/1"}],"replies":[{"embeddable":true,"href":"https:\/\/www.bogazicikimya.com\/index.php?rest_route=%2Fwp%2Fv2%2Fcomments&post=2510"}],"version-history":[{"count":8,"href":"https:\/\/www.bogazicikimya.com\/index.php?rest_route=\/wp\/v2\/pages\/2510\/revisions"}],"predecessor-version":[{"id":2523,"href":"https:\/\/www.bogazicikimya.com\/index.php?rest_route=\/wp\/v2\/pages\/2510\/revisions\/2523"}],"wp:attachment":[{"href":"https:\/\/www.bogazicikimya.com\/index.php?rest_route=%2Fwp%2Fv2%2Fmedia&parent=2510"}],"curies":[{"name":"wp","href":"https:\/\/api.w.org\/{rel}","templated":true}]}}